{"id":996,"date":"2024-06-16T20:16:40","date_gmt":"2024-06-16T20:16:40","guid":{"rendered":"https:\/\/www.cabinetbelbachir.ma\/?page_id=996"},"modified":"2024-06-18T12:28:47","modified_gmt":"2024-06-18T12:28:47","slug":"honoraires","status":"publish","type":"page","link":"https:\/\/www.cabinetbelbachir.ma\/fr\/honoraires\/","title":{"rendered":"Honoraires"},"content":{"rendered":"\t\t<div data-elementor-type=\"wp-page\" data-elementor-id=\"996\" class=\"elementor elementor-996\">\n\t\t\t\t<div class=\"elementor-element elementor-element-9fcefd2 e-con-full e-flex e-con e-parent\" data-id=\"9fcefd2\" data-element_type=\"container\" data-e-type=\"container\">\n\t\t\t\t<div class=\"elementor-element elementor-element-30ba7f1 elementor-widget elementor-widget-heading\" data-id=\"30ba7f1\" data-element_type=\"widget\" data-e-type=\"widget\" data-widget_type=\"heading.default\">\n\t\t\t\t<div class=\"elementor-widget-container\">\n\t\t\t\t\t<h2 class=\"elementor-heading-title elementor-size-default\">Honoraires et facturation<\/h2>\t\t\t\t<\/div>\n\t\t\t\t<\/div>\n\t\t\t\t<div class=\"elementor-element elementor-element-6b14256b elementor-widget elementor-widget-text-editor\" data-id=\"6b14256b\" data-element_type=\"widget\" data-e-type=\"widget\" data-widget_type=\"text-editor.default\">\n\t\t\t\t<div class=\"elementor-widget-container\">\n\t\t\t\t\t\t\t\t\t\n<p>Chez le cabinet d\u2019avocat BELBACHIR, nous nous engageons \u00e0 fournir des services juridiques de haute qualit\u00e9 adapt\u00e9s aux besoins sp\u00e9cifiques de chaque client. La transparence de nos honoraires est une priorit\u00e9 pour nous. Nos tarifs sont \u00e9tablis en fonction de plusieurs crit\u00e8res afin de garantir une juste r\u00e9mun\u00e9ration du travail effectu\u00e9 tout en restant accessibles \u00e0 nos clients.<\/p>\n\n\n\n<p><strong>Crit\u00e8res de Facturation<\/strong><\/p>\n\n\n\n<p>&nbsp;&nbsp;&nbsp;&nbsp;&nbsp;&nbsp;&nbsp;&nbsp;&nbsp;&nbsp;&nbsp;&nbsp;&nbsp; 1.&nbsp;&nbsp;&nbsp;&nbsp;&nbsp;&nbsp;&nbsp;&nbsp;&nbsp;&nbsp; Technicit\u00e9 du Dossier : Chaque dossier est unique et n\u00e9cessite une expertise particuli\u00e8re. Les dossiers plus complexes ou n\u00e9cessitant des comp\u00e9tences sp\u00e9cialis\u00e9es peuvent entra\u00eener des honoraires plus \u00e9lev\u00e9s en raison de la technicit\u00e9 requise.<\/p>\n\n\n\n<p>&nbsp;&nbsp;&nbsp;&nbsp;&nbsp;&nbsp;&nbsp;&nbsp;&nbsp;&nbsp;&nbsp;&nbsp;&nbsp; 2.&nbsp;&nbsp;&nbsp;&nbsp;&nbsp;&nbsp;&nbsp;&nbsp;&nbsp;&nbsp; Temps Consacr\u00e9 au Dossier : Nos honoraires sont \u00e9galement calcul\u00e9s en fonction du temps que nous consacrons \u00e0 l\u2019\u00e9tude et au traitement de votre dossier. Nous nous engageons \u00e0 travailler de mani\u00e8re efficace tout en prenant le temps n\u00e9cessaire pour assurer un traitement rigoureux et complet de chaque cas.<\/p>\n\n\n\n<p><strong>Consultations Juridiques<\/strong><\/p>\n\n\n\n<p>Les consultations juridiques sont payantes. Elles permettent d\u2019obtenir un avis \u00e9clair\u00e9 sur vos droits, obligations et les diff\u00e9rentes options qui s\u2019offrent \u00e0 vous. Lors de cette consultation, nous examinerons les aspects juridiques de votre situation et vous proposerons des solutions adapt\u00e9es.<\/p>\n\n\n\n<p><strong>Modalit\u00e9s de Paiement<\/strong><\/p>\n\n\n\n<p>Nous proposons plusieurs modalit\u00e9s de paiement afin de faciliter le r\u00e8glement de nos honoraires :<\/p>\n\n\n\n<p>&nbsp;&nbsp;&nbsp;&nbsp;&nbsp;&nbsp;&nbsp;&nbsp;&nbsp;&nbsp;&nbsp;&nbsp;&nbsp; \u2022&nbsp;&nbsp;&nbsp;&nbsp;&nbsp;&nbsp;&nbsp;&nbsp;&nbsp;&nbsp;&nbsp; Paiement \u00e0 l\u2019heure<\/p>\n\n\n\n<p>&nbsp;&nbsp;&nbsp;&nbsp;&nbsp;&nbsp;&nbsp;&nbsp;&nbsp;&nbsp;&nbsp;&nbsp;&nbsp; \u2022&nbsp;&nbsp;&nbsp;&nbsp;&nbsp;&nbsp;&nbsp;&nbsp;&nbsp;&nbsp;&nbsp; Forfait pour certaines prestations d\u00e9finies \u00e0 l\u2019avance<\/p>\n\n\n\n<p>&nbsp;&nbsp;&nbsp;&nbsp;&nbsp;&nbsp;&nbsp;&nbsp;&nbsp;&nbsp;&nbsp;&nbsp;&nbsp; \u2022&nbsp;&nbsp;&nbsp;&nbsp;&nbsp;&nbsp;&nbsp;&nbsp;&nbsp;&nbsp;&nbsp; Abonnement pour des services juridiques r\u00e9guliers<\/p>\n\n\n\n<p><strong>Transparence et Devis<\/strong><\/p>\n\n\n\n<p>Avant toute intervention, nous \u00e9tablissons un devis d\u00e9taill\u00e9 qui vous permet d\u2019avoir une vision claire des co\u00fbts associ\u00e9s \u00e0 nos services. Nous restons disponibles pour toute question ou demande de pr\u00e9cision concernant nos honoraires.<\/p>\n\n\n\n<p>Pour plus d\u2019informations ou pour prendre rendez-vous, n\u2019h\u00e9sitez pas \u00e0 nous contacter.<\/p>\n\t\t\t\t\t\t\t\t<\/div>\n\t\t\t\t<\/div>\n\t\t\t\t<\/div>\n\t\t\t\t<\/div>\n\t\t","protected":false},"excerpt":{"rendered":"<p>Honoraires et facturation Chez le cabinet d\u2019avocat BELBACHIR, nous nous engageons \u00e0 fournir des services juridiques de haute qualit\u00e9 adapt\u00e9s aux besoins sp\u00e9cifiques de chaque client. La transparence de nos honoraires est une priorit\u00e9 pour nous. Nos tarifs sont \u00e9tablis en fonction de plusieurs crit\u00e8res afin de garantir une juste r\u00e9mun\u00e9ration du travail effectu\u00e9 tout [&hellip;]<\/p>\n","protected":false},"author":1,"featured_media":0,"parent":0,"menu_order":0,"comment_status":"closed","ping_status":"closed","template":"elementor_header_footer","meta":{"om_disable_all_campaigns":false,"_monsterinsights_skip_tracking":false,"_monsterinsights_sitenote_active":false,"_monsterinsights_sitenote_note":"","_monsterinsights_sitenote_category":0,"footnotes":""},"class_list":["post-996","page","type-page","status-publish","hentry","entry"],"aioseo_notices":[],"_links":{"self":[{"href":"https:\/\/www.cabinetbelbachir.ma\/fr\/wp-json\/wp\/v2\/pages\/996","targetHints":{"allow":["GET"]}}],"collection":[{"href":"https:\/\/www.cabinetbelbachir.ma\/fr\/wp-json\/wp\/v2\/pages"}],"about":[{"href":"https:\/\/www.cabinetbelbachir.ma\/fr\/wp-json\/wp\/v2\/types\/page"}],"author":[{"embeddable":true,"href":"https:\/\/www.cabinetbelbachir.ma\/fr\/wp-json\/wp\/v2\/users\/1"}],"replies":[{"embeddable":true,"href":"https:\/\/www.cabinetbelbachir.ma\/fr\/wp-json\/wp\/v2\/comments?post=996"}],"version-history":[{"count":4,"href":"https:\/\/www.cabinetbelbachir.ma\/fr\/wp-json\/wp\/v2\/pages\/996\/revisions"}],"predecessor-version":[{"id":1000,"href":"https:\/\/www.cabinetbelbachir.ma\/fr\/wp-json\/wp\/v2\/pages\/996\/revisions\/1000"}],"wp:attachment":[{"href":"https:\/\/www.cabinetbelbachir.ma\/fr\/wp-json\/wp\/v2\/media?parent=996"}],"curies":[{"name":"wp","href":"https:\/\/api.w.org\/{rel}","templated":true}]}}