{"id":949,"date":"2024-06-15T19:59:31","date_gmt":"2024-06-15T19:59:31","guid":{"rendered":"https:\/\/www.cabinetbelbachir.ma\/document-library\/"},"modified":"2024-06-15T19:59:31","modified_gmt":"2024-06-15T19:59:31","slug":"document-library","status":"publish","type":"page","link":"https:\/\/www.cabinetbelbachir.ma\/fr\/document-library\/","title":{"rendered":"Document Library"},"content":{"rendered":"\t\t<input type=\"hidden\" name=\"category-search-3283831023cdbdd9d27fc2ff039752dbaf\" value=\"\" class=\"category-search-3283831023cdbdd9d27fc2ff039752dbaf\">\n\t\t<table id=\"3283831023cdbdd9d27fc2ff039752dbaf\" class=\"document-library-table\" data-page-length=\"20\" data-paging=\"false\" data-click-filter=\"true\" data-scroll-offset=\"15\" cellspacing=\"0\" width=\"100%\">\n\t\t\t<thead><tr><th data-name=\"id\" data-priority=\"3\" data-width=\"\" data-orderable=\"true\">ID<\/th><th data-name=\"title\" data-priority=\"1\" data-width=\"\" data-orderable=\"true\">Titre<\/th><th data-name=\"content\" data-priority=\"5\" data-width=\"\" data-orderable=\"true\">Contenu<\/th><th data-name=\"image\" data-priority=\"6\" data-width=\"\" data-orderable=\"false\">Image<\/th><th data-name=\"date\" data-priority=\"2\" data-width=\"\" data-orderable=\"true\">Date<\/th><th data-name=\"doc_categories\" data-priority=\"7\" data-width=\"\" data-orderable=\"true\">Cat\u00e9gories<\/th><th data-name=\"link\" data-priority=\"4\" data-width=\"\" data-orderable=\"false\">Lien<\/th><\/tr><\/thead>\t\t\t<tbody>\n\t\t\t\t<tr><td>975<\/td><td>Code de commerce<\/td><td>Le Code de Commerce marocain est le fondement des activit\u00e9s commerciales et des transactions \u00e9conomiques &hellip;<\/td><td><\/td><td>2024\/06\/16<\/td><td><\/td><td><a href=\"https:\/\/www.cabinetbelbachir.ma\/wp-content\/uploads\/2024\/06\/Code-de-commerce-fr.pdf\" class=\"dll-download-button document-library-button button btn\"  download=\"Code-de-commerce-fr.pdf\" type=\"application\/pdf\">T\u00e9l\u00e9charger<\/a><\/td><\/tr><tr><td>982<\/td><td>Code de la famille<\/td><td>Le Code de la Famille marocain, \u00e9galement connu sous le nom de Moudawana, r\u00e9git les &hellip;<\/td><td><\/td><td>2024\/06\/16<\/td><td><\/td><td><a href=\"https:\/\/www.cabinetbelbachir.ma\/wp-content\/uploads\/2024\/06\/Code-de-la-famille-fr.pdf\" class=\"dll-download-button document-library-button button btn\"  download=\"Code-de-la-famille-fr.pdf\" type=\"application\/pdf\">T\u00e9l\u00e9charger<\/a><\/td><\/tr><tr><td>979<\/td><td>Code de proc\u00e9dure civile<\/td><td>Le Code de Proc\u00e9dure Civile marocain r\u00e9git les r\u00e8gles et les d\u00e9marches \u00e0 suivre pour &hellip;<\/td><td><\/td><td>2024\/06\/16<\/td><td><\/td><td><a href=\"https:\/\/www.cabinetbelbachir.ma\/wp-content\/uploads\/2024\/06\/Code-de-procedure-civile-fr.pdf\" class=\"dll-download-button document-library-button button btn\"  download=\"Code-de-procedure-civile-fr.pdf\" type=\"application\/pdf\">T\u00e9l\u00e9charger<\/a><\/td><\/tr><tr><td>955<\/td><td>Code du travail<\/td><td>Le Code de Travail marocain constitue la pierre angulaire des relations entre employeurs et employ\u00e9s. &hellip;<\/td><td><\/td><td>2024\/06\/15<\/td><td><\/td><td><a href=\"https:\/\/www.cabinetbelbachir.ma\/wp-content\/uploads\/2024\/06\/code_travail_fr.pdf\" class=\"dll-download-button document-library-button button btn\"  download=\"code_travail_fr.pdf\" type=\"application\/pdf\">T\u00e9l\u00e9charger<\/a><\/td><\/tr><tr><td>977<\/td><td>Code p\u00e9nal<\/td><td>Le Code P\u00e9nal marocain d\u00e9finit les infractions et les peines applicables afin de prot\u00e9ger l&rsquo;ordre &hellip;<\/td><td><\/td><td>2024\/06\/16<\/td><td><\/td><td><a href=\"https:\/\/www.cabinetbelbachir.ma\/wp-content\/uploads\/2024\/06\/code_penal-fr.pdf\" class=\"dll-download-button document-library-button button btn\"  download=\"code_penal-fr.pdf\" type=\"application\/pdf\">T\u00e9l\u00e9charger<\/a><\/td><\/tr><tr><td>984<\/td><td>Convention franco marocaine relative au statut des personnes et la famille<\/td><td>La Convention Franco-Marocaine relative au statut des personnes et de la famille encadre les relations &hellip;<\/td><td><\/td><td>2024\/06\/16<\/td><td><\/td><td><a href=\"https:\/\/www.cabinetbelbachir.ma\/wp-content\/uploads\/2024\/06\/Convention_Maroc-France.pdf\" class=\"dll-download-button document-library-button button btn\"  download=\"Convention_Maroc-France.pdf\" type=\"application\/pdf\">T\u00e9l\u00e9charger<\/a><\/td><\/tr><tr><td>986<\/td><td>Dahir des obligations et des contrats<\/td><td>Le Droit des Obligations et des Contrats (DOC) marocain r\u00e9git les relations juridiques entre les &hellip;<\/td><td><\/td><td>2024\/06\/16<\/td><td><\/td><td><a href=\"https:\/\/www.cabinetbelbachir.ma\/wp-content\/uploads\/2024\/06\/Doc-fr.pdf\" class=\"dll-download-button document-library-button button btn\"  download=\"Doc-fr.pdf\" type=\"application\/pdf\">T\u00e9l\u00e9charger<\/a><\/td><\/tr><tr><td>990<\/td><td>Loi 49 16 Bail \u00e0 usage commercial industriel et artisanal<\/td><td>La loi sur les baux commerciaux au Maroc r\u00e9git les relations entre les propri\u00e9taires et &hellip;<\/td><td><\/td><td>2024\/06\/16<\/td><td><\/td><td><a href=\"https:\/\/www.cabinetbelbachir.ma\/wp-content\/uploads\/2024\/06\/\u0643\u0631\u0627\u0621-\u0627\u0644\u0639\u0642\u0627\u0631\u0627\u062a-\u0648\u0627\u0644\u0645\u062d\u0644\u0627\u062a-\u0627\u0644\u0645\u062e\u0635\u0635\u0629-\u0644\u0644\u0627\u0633\u062a\u0639\u0645\u0627\u0644-\u0627\u0644\u062a\u062c\u0627\u0631\u064a-\u0623\u0648-\u0627\u0644\u0635\u0646\u0627\u0639\u064a-\u0623\u0648-\u0627\u0644\u062d\u0631\u0641\u064a.pdf\" class=\"dll-download-button document-library-button button btn\"  download=\"\u0643\u0631\u0627\u0621-\u0627\u0644\u0639\u0642\u0627\u0631\u0627\u062a-\u0648\u0627\u0644\u0645\u062d\u0644\u0627\u062a-\u0627\u0644\u0645\u062e\u0635\u0635\u0629-\u0644\u0644\u0627\u0633\u062a\u0639\u0645\u0627\u0644-\u0627\u0644\u062a\u062c\u0627\u0631\u064a-\u0623\u0648-\u0627\u0644\u0635\u0646\u0627\u0639\u064a-\u0623\u0648-\u0627\u0644\u062d\u0631\u0641\u064a.pdf\" type=\"application\/pdf\">T\u00e9l\u00e9charger<\/a><\/td><\/tr><tr><td>988<\/td><td>Loi 67 12 bail \u00e0 usage d&rsquo;habitation et bureau<\/td><td>La Loi 67-12 r\u00e9git les baux \u00e0 usage d&rsquo;habitation et de bureau au Maroc. Elle &hellip;<\/td><td><\/td><td>2024\/06\/16<\/td><td><\/td><td><a href=\"https:\/\/www.cabinetbelbachir.ma\/wp-content\/uploads\/2024\/06\/\u0627\u0644\u0645\u062d\u0644\u0627\u062a-\u0627\u0644\u0645\u0639\u062f\u0629-\u0644\u0644\u0633\u0643\u0646\u0649-\u0623\u0648-\u0644\u0644\u0627\u0633\u062a\u0639\u0645\u0627\u0644-\u0627\u0644\u0645\u0647\u0646\u064a.pdf\" class=\"dll-download-button document-library-button button btn\"  download=\"\u0627\u0644\u0645\u062d\u0644\u0627\u062a-\u0627\u0644\u0645\u0639\u062f\u0629-\u0644\u0644\u0633\u0643\u0646\u0649-\u0623\u0648-\u0644\u0644\u0627\u0633\u062a\u0639\u0645\u0627\u0644-\u0627\u0644\u0645\u0647\u0646\u064a.pdf\" type=\"application\/pdf\">T\u00e9l\u00e9charger<\/a><\/td><\/tr>\t\t\t<\/tbody>\n\t\t<\/table>\n\t\t\n","protected":false},"excerpt":{"rendered":"","protected":false},"author":1,"featured_media":0,"parent":0,"menu_order":0,"comment_status":"closed","ping_status":"closed","template":"","meta":{"om_disable_all_campaigns":false,"_monsterinsights_skip_tracking":false,"_monsterinsights_sitenote_active":false,"_monsterinsights_sitenote_note":"","_monsterinsights_sitenote_category":0,"footnotes":""},"class_list":["post-949","page","type-page","status-publish","hentry","entry"],"aioseo_notices":[],"_links":{"self":[{"href":"https:\/\/www.cabinetbelbachir.ma\/fr\/wp-json\/wp\/v2\/pages\/949","targetHints":{"allow":["GET"]}}],"collection":[{"href":"https:\/\/www.cabinetbelbachir.ma\/fr\/wp-json\/wp\/v2\/pages"}],"about":[{"href":"https:\/\/www.cabinetbelbachir.ma\/fr\/wp-json\/wp\/v2\/types\/page"}],"author":[{"embeddable":true,"href":"https:\/\/www.cabinetbelbachir.ma\/fr\/wp-json\/wp\/v2\/users\/1"}],"replies":[{"embeddable":true,"href":"https:\/\/www.cabinetbelbachir.ma\/fr\/wp-json\/wp\/v2\/comments?post=949"}],"version-history":[{"count":0,"href":"https:\/\/www.cabinetbelbachir.ma\/fr\/wp-json\/wp\/v2\/pages\/949\/revisions"}],"wp:attachment":[{"href":"https:\/\/www.cabinetbelbachir.ma\/fr\/wp-json\/wp\/v2\/media?parent=949"}],"curies":[{"name":"wp","href":"https:\/\/api.w.org\/{rel}","templated":true}]}}