{"id":693,"date":"2024-06-02T18:01:00","date_gmt":"2024-06-02T18:01:00","guid":{"rendered":"https:\/\/www.cabinetbelbachir.ma\/?page_id=693"},"modified":"2024-06-23T14:09:06","modified_gmt":"2024-06-23T14:09:06","slug":"droit-international-prive","status":"publish","type":"page","link":"https:\/\/www.cabinetbelbachir.ma\/fr\/droit-international-prive\/","title":{"rendered":"Droit international priv\u00e9"},"content":{"rendered":"\t\t<div data-elementor-type=\"wp-page\" data-elementor-id=\"693\" class=\"elementor elementor-693\">\n\t\t\t\t<div class=\"elementor-element elementor-element-5661df9 e-flex e-con-boxed e-con e-parent\" data-id=\"5661df9\" data-element_type=\"container\" data-e-type=\"container\">\n\t\t\t\t\t<div class=\"e-con-inner\">\n\t\t\t\t<div class=\"elementor-element elementor-element-9fa7891 elementor-widget elementor-widget-heading\" data-id=\"9fa7891\" data-element_type=\"widget\" data-e-type=\"widget\" data-widget_type=\"heading.default\">\n\t\t\t\t<div class=\"elementor-widget-container\">\n\t\t\t\t\t<h2 class=\"elementor-heading-title elementor-size-default\">DROIT INTERNATIONAL PRIVE<\/h2>\t\t\t\t<\/div>\n\t\t\t\t<\/div>\n\t\t\t\t\t<\/div>\n\t\t\t\t<\/div>\n\t\t<div class=\"elementor-element elementor-element-f94a704 e-flex e-con-boxed e-con e-parent\" data-id=\"f94a704\" data-element_type=\"container\" data-e-type=\"container\">\n\t\t\t\t\t<div class=\"e-con-inner\">\n\t\t\t\t<div class=\"elementor-element elementor-element-5347313 elementor-widget elementor-widget-text-editor\" data-id=\"5347313\" data-element_type=\"widget\" data-e-type=\"widget\" data-widget_type=\"text-editor.default\">\n\t\t\t\t<div class=\"elementor-widget-container\">\n\t\t\t\t\t\t\t\t\t<p>Le droit international priv\u00e9 r\u00e9git les relations juridiques comportant un \u00e9l\u00e9ment \u00e9tranger. Notre cabinet vous accompagne dans la r\u00e9solution de litiges transfrontaliers et vous aide \u00e0 comprendre les implications juridiques internationales de vos affaires personnelles ou professionnelles.<\/p>\n<p><strong>Nos services incluent :<\/strong><\/p>\n<ul>\n<li>Gestion des litiges internationaux<\/li>\n<li>Conseil en mati\u00e8re de contrats internationaux<\/li>\n<li>Assistance en cas de conflits de lois et de juridictions<\/li>\n<li>Nationalit\u00e9<\/li>\n<li>Gestion des successions internationales<\/li>\n<li>Conseil et assistance en mati\u00e8re de reconnaissance et ex\u00e9cution des jugements \u00e9trangers dite exequatur<\/li>\n<\/ul>\t\t\t\t\t\t\t\t<\/div>\n\t\t\t\t<\/div>\n\t\t\t\t\t<\/div>\n\t\t\t\t<\/div>\n\t\t\t\t<\/div>\n\t\t","protected":false},"excerpt":{"rendered":"<p>DROIT INTERNATIONAL PRIVE Le droit international priv\u00e9 r\u00e9git les relations juridiques comportant un \u00e9l\u00e9ment \u00e9tranger. Notre cabinet vous accompagne dans la r\u00e9solution de litiges transfrontaliers et vous aide \u00e0 comprendre les implications juridiques internationales de vos affaires personnelles ou professionnelles. Nos services incluent : Gestion des litiges internationaux Conseil en mati\u00e8re de contrats internationaux Assistance [&hellip;]<\/p>\n","protected":false},"author":1,"featured_media":0,"parent":0,"menu_order":0,"comment_status":"closed","ping_status":"closed","template":"","meta":{"om_disable_all_campaigns":false,"_monsterinsights_skip_tracking":false,"_monsterinsights_sitenote_active":false,"_monsterinsights_sitenote_note":"","_monsterinsights_sitenote_category":0,"footnotes":""},"class_list":["post-693","page","type-page","status-publish","hentry","entry"],"aioseo_notices":[],"_links":{"self":[{"href":"https:\/\/www.cabinetbelbachir.ma\/fr\/wp-json\/wp\/v2\/pages\/693","targetHints":{"allow":["GET"]}}],"collection":[{"href":"https:\/\/www.cabinetbelbachir.ma\/fr\/wp-json\/wp\/v2\/pages"}],"about":[{"href":"https:\/\/www.cabinetbelbachir.ma\/fr\/wp-json\/wp\/v2\/types\/page"}],"author":[{"embeddable":true,"href":"https:\/\/www.cabinetbelbachir.ma\/fr\/wp-json\/wp\/v2\/users\/1"}],"replies":[{"embeddable":true,"href":"https:\/\/www.cabinetbelbachir.ma\/fr\/wp-json\/wp\/v2\/comments?post=693"}],"version-history":[{"count":19,"href":"https:\/\/www.cabinetbelbachir.ma\/fr\/wp-json\/wp\/v2\/pages\/693\/revisions"}],"predecessor-version":[{"id":1115,"href":"https:\/\/www.cabinetbelbachir.ma\/fr\/wp-json\/wp\/v2\/pages\/693\/revisions\/1115"}],"wp:attachment":[{"href":"https:\/\/www.cabinetbelbachir.ma\/fr\/wp-json\/wp\/v2\/media?parent=693"}],"curies":[{"name":"wp","href":"https:\/\/api.w.org\/{rel}","templated":true}]}}