{"id":691,"date":"2024-06-02T18:00:42","date_gmt":"2024-06-02T18:00:42","guid":{"rendered":"https:\/\/www.cabinetbelbachir.ma\/?page_id=691"},"modified":"2024-06-09T22:19:06","modified_gmt":"2024-06-09T22:19:06","slug":"droit-immobilier","status":"publish","type":"page","link":"https:\/\/www.cabinetbelbachir.ma\/fr\/droit-immobilier\/","title":{"rendered":"Droit immobilier"},"content":{"rendered":"\t\t<div data-elementor-type=\"wp-page\" data-elementor-id=\"691\" class=\"elementor elementor-691\">\n\t\t\t\t<div class=\"elementor-element elementor-element-2fed399 e-flex e-con-boxed e-con e-parent\" data-id=\"2fed399\" data-element_type=\"container\" data-e-type=\"container\">\n\t\t\t\t\t<div class=\"e-con-inner\">\n\t\t\t\t<div class=\"elementor-element elementor-element-ae998f4 elementor-widget elementor-widget-heading\" data-id=\"ae998f4\" data-element_type=\"widget\" data-e-type=\"widget\" data-widget_type=\"heading.default\">\n\t\t\t\t<div class=\"elementor-widget-container\">\n\t\t\t\t\t<h2 class=\"elementor-heading-title elementor-size-default\">DROIT IMMOBILIER<\/h2>\t\t\t\t<\/div>\n\t\t\t\t<\/div>\n\t\t\t\t\t<\/div>\n\t\t\t\t<\/div>\n\t\t<div class=\"elementor-element elementor-element-d8f8e6a e-flex e-con-boxed e-con e-parent\" data-id=\"d8f8e6a\" data-element_type=\"container\" data-e-type=\"container\">\n\t\t\t\t\t<div class=\"e-con-inner\">\n\t\t\t\t<div class=\"elementor-element elementor-element-b878bb9 elementor-widget elementor-widget-text-editor\" data-id=\"b878bb9\" data-element_type=\"widget\" data-e-type=\"widget\" data-widget_type=\"text-editor.default\">\n\t\t\t\t<div class=\"elementor-widget-container\">\n\t\t\t\t\t\t\t\t\t<p>Le droit immobilier concerne toutes les questions relatives aux biens immobiliers. Que vous soyez propri\u00e9taire, locataire, promoteur ou investisseur, notre cabinet vous conseille et vous assiste dans toutes vos d\u00e9marches juridiques pour s\u00e9curiser vos transactions et prot\u00e9ger vos int\u00e9r\u00eats.<\/p><p><strong>Nos services incluent :<\/strong><\/p><ul><li>Achat et vente de biens immobiliers<\/li><li>R\u00e9daction et r\u00e9vision de baux<\/li><li>R\u00e9solution des litiges immobiliers<\/li><li>Conseil en mati\u00e8re de copropri\u00e9t\u00e9<\/li><li>Assistance dans les projets de promotion immobili\u00e8re<\/li><\/ul>\t\t\t\t\t\t\t\t<\/div>\n\t\t\t\t<\/div>\n\t\t\t\t\t<\/div>\n\t\t\t\t<\/div>\n\t\t\t\t<\/div>\n\t\t","protected":false},"excerpt":{"rendered":"<p>DROIT IMMOBILIER Le droit immobilier concerne toutes les questions relatives aux biens immobiliers. Que vous soyez propri\u00e9taire, locataire, promoteur ou investisseur, notre cabinet vous conseille et vous assiste dans toutes vos d\u00e9marches juridiques pour s\u00e9curiser vos transactions et prot\u00e9ger vos int\u00e9r\u00eats. Nos services incluent : Achat et vente de biens immobiliers R\u00e9daction et r\u00e9vision de [&hellip;]<\/p>\n","protected":false},"author":1,"featured_media":0,"parent":0,"menu_order":0,"comment_status":"closed","ping_status":"closed","template":"","meta":{"om_disable_all_campaigns":false,"_monsterinsights_skip_tracking":false,"_monsterinsights_sitenote_active":false,"_monsterinsights_sitenote_note":"","_monsterinsights_sitenote_category":0,"footnotes":""},"class_list":["post-691","page","type-page","status-publish","hentry","entry"],"aioseo_notices":[],"_links":{"self":[{"href":"https:\/\/www.cabinetbelbachir.ma\/fr\/wp-json\/wp\/v2\/pages\/691","targetHints":{"allow":["GET"]}}],"collection":[{"href":"https:\/\/www.cabinetbelbachir.ma\/fr\/wp-json\/wp\/v2\/pages"}],"about":[{"href":"https:\/\/www.cabinetbelbachir.ma\/fr\/wp-json\/wp\/v2\/types\/page"}],"author":[{"embeddable":true,"href":"https:\/\/www.cabinetbelbachir.ma\/fr\/wp-json\/wp\/v2\/users\/1"}],"replies":[{"embeddable":true,"href":"https:\/\/www.cabinetbelbachir.ma\/fr\/wp-json\/wp\/v2\/comments?post=691"}],"version-history":[{"count":10,"href":"https:\/\/www.cabinetbelbachir.ma\/fr\/wp-json\/wp\/v2\/pages\/691\/revisions"}],"predecessor-version":[{"id":816,"href":"https:\/\/www.cabinetbelbachir.ma\/fr\/wp-json\/wp\/v2\/pages\/691\/revisions\/816"}],"wp:attachment":[{"href":"https:\/\/www.cabinetbelbachir.ma\/fr\/wp-json\/wp\/v2\/media?parent=691"}],"curies":[{"name":"wp","href":"https:\/\/api.w.org\/{rel}","templated":true}]}}