{"id":687,"date":"2024-06-02T17:58:34","date_gmt":"2024-06-02T17:58:34","guid":{"rendered":"https:\/\/www.cabinetbelbachir.ma\/?page_id=687"},"modified":"2024-06-09T22:18:44","modified_gmt":"2024-06-09T22:18:44","slug":"droit-des-affaires","status":"publish","type":"page","link":"https:\/\/www.cabinetbelbachir.ma\/fr\/droit-des-affaires\/","title":{"rendered":"Droit des affaires"},"content":{"rendered":"\t\t<div data-elementor-type=\"wp-page\" data-elementor-id=\"687\" class=\"elementor elementor-687\">\n\t\t\t\t<div class=\"elementor-element elementor-element-e5c02a2 e-flex e-con-boxed e-con e-parent\" data-id=\"e5c02a2\" data-element_type=\"container\" data-e-type=\"container\">\n\t\t\t\t\t<div class=\"e-con-inner\">\n\t\t\t\t<div class=\"elementor-element elementor-element-37a03b9 elementor-widget elementor-widget-heading\" data-id=\"37a03b9\" data-element_type=\"widget\" data-e-type=\"widget\" data-widget_type=\"heading.default\">\n\t\t\t\t<div class=\"elementor-widget-container\">\n\t\t\t\t\t<h2 class=\"elementor-heading-title elementor-size-default\">DROIT DES AFFAIRES<\/h2>\t\t\t\t<\/div>\n\t\t\t\t<\/div>\n\t\t\t\t\t<\/div>\n\t\t\t\t<\/div>\n\t\t<div class=\"elementor-element elementor-element-9c19576 e-flex e-con-boxed e-con e-parent\" data-id=\"9c19576\" data-element_type=\"container\" data-e-type=\"container\">\n\t\t\t\t\t<div class=\"e-con-inner\">\n\t\t\t\t<div class=\"elementor-element elementor-element-8907e6e elementor-widget elementor-widget-text-editor\" data-id=\"8907e6e\" data-element_type=\"widget\" data-e-type=\"widget\" data-widget_type=\"text-editor.default\">\n\t\t\t\t<div class=\"elementor-widget-container\">\n\t\t\t\t\t\t\t\t\t<p>Le droit des affaires r\u00e9git les relations commerciales et les activit\u00e9s des entreprises. Notre cabinet est d\u00e9di\u00e9 \u00e0 fournir des conseils juridiques avis\u00e9s pour les entrepreneurs, PME, et grandes entreprises. Nous vous aidons \u00e0 naviguer dans le monde complexe des affaires avec des solutions sur mesure.<\/p><p><strong>Nos services incluent :<\/strong><\/p><ul><li>Constitution de soci\u00e9t\u00e9s et formalit\u00e9s juridiques<\/li><li>R\u00e9daction de statuts et d\u2019accords entre associ\u00e9s<\/li><li>Accompagnement en mati\u00e8re de fusions et acquisitions<\/li><li>Gestion des litiges commerciaux<\/li><li>Conseil en mati\u00e8re de propri\u00e9t\u00e9 intellectuelle<\/li><\/ul>\t\t\t\t\t\t\t\t<\/div>\n\t\t\t\t<\/div>\n\t\t\t\t\t<\/div>\n\t\t\t\t<\/div>\n\t\t\t\t<\/div>\n\t\t","protected":false},"excerpt":{"rendered":"<p>DROIT DES AFFAIRES Le droit des affaires r\u00e9git les relations commerciales et les activit\u00e9s des entreprises. Notre cabinet est d\u00e9di\u00e9 \u00e0 fournir des conseils juridiques avis\u00e9s pour les entrepreneurs, PME, et grandes entreprises. Nous vous aidons \u00e0 naviguer dans le monde complexe des affaires avec des solutions sur mesure. Nos services incluent : Constitution de [&hellip;]<\/p>\n","protected":false},"author":1,"featured_media":0,"parent":0,"menu_order":0,"comment_status":"closed","ping_status":"closed","template":"","meta":{"om_disable_all_campaigns":false,"_monsterinsights_skip_tracking":false,"_monsterinsights_sitenote_active":false,"_monsterinsights_sitenote_note":"","_monsterinsights_sitenote_category":0,"footnotes":""},"class_list":["post-687","page","type-page","status-publish","hentry","entry"],"aioseo_notices":[],"_links":{"self":[{"href":"https:\/\/www.cabinetbelbachir.ma\/fr\/wp-json\/wp\/v2\/pages\/687","targetHints":{"allow":["GET"]}}],"collection":[{"href":"https:\/\/www.cabinetbelbachir.ma\/fr\/wp-json\/wp\/v2\/pages"}],"about":[{"href":"https:\/\/www.cabinetbelbachir.ma\/fr\/wp-json\/wp\/v2\/types\/page"}],"author":[{"embeddable":true,"href":"https:\/\/www.cabinetbelbachir.ma\/fr\/wp-json\/wp\/v2\/users\/1"}],"replies":[{"embeddable":true,"href":"https:\/\/www.cabinetbelbachir.ma\/fr\/wp-json\/wp\/v2\/comments?post=687"}],"version-history":[{"count":14,"href":"https:\/\/www.cabinetbelbachir.ma\/fr\/wp-json\/wp\/v2\/pages\/687\/revisions"}],"predecessor-version":[{"id":813,"href":"https:\/\/www.cabinetbelbachir.ma\/fr\/wp-json\/wp\/v2\/pages\/687\/revisions\/813"}],"wp:attachment":[{"href":"https:\/\/www.cabinetbelbachir.ma\/fr\/wp-json\/wp\/v2\/media?parent=687"}],"curies":[{"name":"wp","href":"https:\/\/api.w.org\/{rel}","templated":true}]}}