{"id":685,"date":"2024-06-02T17:58:15","date_gmt":"2024-06-02T17:58:15","guid":{"rendered":"https:\/\/www.cabinetbelbachir.ma\/?page_id=685"},"modified":"2024-06-09T22:17:47","modified_gmt":"2024-06-09T22:17:47","slug":"droit-civil","status":"publish","type":"page","link":"https:\/\/www.cabinetbelbachir.ma\/fr\/droit-civil\/","title":{"rendered":"Droit civil"},"content":{"rendered":"\t\t<div data-elementor-type=\"wp-page\" data-elementor-id=\"685\" class=\"elementor elementor-685\">\n\t\t\t\t<div class=\"elementor-element elementor-element-405acc6 e-flex e-con-boxed e-con e-parent\" data-id=\"405acc6\" data-element_type=\"container\" data-e-type=\"container\">\n\t\t\t\t\t<div class=\"e-con-inner\">\n\t\t\t\t<div class=\"elementor-element elementor-element-3352d98 elementor-widget elementor-widget-heading\" data-id=\"3352d98\" data-element_type=\"widget\" data-e-type=\"widget\" data-widget_type=\"heading.default\">\n\t\t\t\t<div class=\"elementor-widget-container\">\n\t\t\t\t\t<h2 class=\"elementor-heading-title elementor-size-default\">DROIT CIVIL<\/h2>\t\t\t\t<\/div>\n\t\t\t\t<\/div>\n\t\t\t\t\t<\/div>\n\t\t\t\t<\/div>\n\t\t<div class=\"elementor-element elementor-element-e6220ec e-flex e-con-boxed e-con e-parent\" data-id=\"e6220ec\" data-element_type=\"container\" data-e-type=\"container\">\n\t\t\t\t\t<div class=\"e-con-inner\">\n\t\t\t\t<div class=\"elementor-element elementor-element-3b80b84 elementor-widget elementor-widget-text-editor\" data-id=\"3b80b84\" data-element_type=\"widget\" data-e-type=\"widget\" data-widget_type=\"text-editor.default\">\n\t\t\t\t<div class=\"elementor-widget-container\">\n\t\t\t\t\t\t\t\t\t<p>Le droit civil est au c\u0153ur des relations entre les individus. Notre cabinet vous accompagne dans la r\u00e9solution de conflits et la protection de vos droits dans des domaines vari\u00e9s tels que les contrats, la responsabilit\u00e9 civile, les successions, et les litiges locatifs. Nous nous engageons \u00e0 vous offrir une assistance juridique personnalis\u00e9e et efficace, adapt\u00e9e \u00e0 vos besoins sp\u00e9cifiques.<\/p>\n<p><strong>Nos services incluent :<\/strong><\/p>\n<ul>\n<li>R\u00e9daction et r\u00e9vision de contrats (Prestation , vente, louages ..)<\/li>\n<li>Gestion des litiges contractuels<\/li>\n<li>Conseil en mati\u00e8re de responsabilit\u00e9 civile<\/li>\n<li>Assistance dans les successions et donations<\/li>\n<li>R\u00e9solution des conflits entre propri\u00e9taires et locataires<\/li>\n<\/ul>\t\t\t\t\t\t\t\t<\/div>\n\t\t\t\t<\/div>\n\t\t\t\t\t<\/div>\n\t\t\t\t<\/div>\n\t\t\t\t<\/div>\n\t\t","protected":false},"excerpt":{"rendered":"<p>DROIT CIVIL Le droit civil est au c\u0153ur des relations entre les individus. Notre cabinet vous accompagne dans la r\u00e9solution de conflits et la protection de vos droits dans des domaines vari\u00e9s tels que les contrats, la responsabilit\u00e9 civile, les successions, et les litiges locatifs. Nous nous engageons \u00e0 vous offrir une assistance juridique personnalis\u00e9e [&hellip;]<\/p>\n","protected":false},"author":1,"featured_media":0,"parent":0,"menu_order":0,"comment_status":"closed","ping_status":"closed","template":"","meta":{"om_disable_all_campaigns":false,"_monsterinsights_skip_tracking":false,"_monsterinsights_sitenote_active":false,"_monsterinsights_sitenote_note":"","_monsterinsights_sitenote_category":0,"footnotes":""},"class_list":["post-685","page","type-page","status-publish","hentry","entry"],"aioseo_notices":[],"_links":{"self":[{"href":"https:\/\/www.cabinetbelbachir.ma\/fr\/wp-json\/wp\/v2\/pages\/685","targetHints":{"allow":["GET"]}}],"collection":[{"href":"https:\/\/www.cabinetbelbachir.ma\/fr\/wp-json\/wp\/v2\/pages"}],"about":[{"href":"https:\/\/www.cabinetbelbachir.ma\/fr\/wp-json\/wp\/v2\/types\/page"}],"author":[{"embeddable":true,"href":"https:\/\/www.cabinetbelbachir.ma\/fr\/wp-json\/wp\/v2\/users\/1"}],"replies":[{"embeddable":true,"href":"https:\/\/www.cabinetbelbachir.ma\/fr\/wp-json\/wp\/v2\/comments?post=685"}],"version-history":[{"count":11,"href":"https:\/\/www.cabinetbelbachir.ma\/fr\/wp-json\/wp\/v2\/pages\/685\/revisions"}],"predecessor-version":[{"id":807,"href":"https:\/\/www.cabinetbelbachir.ma\/fr\/wp-json\/wp\/v2\/pages\/685\/revisions\/807"}],"wp:attachment":[{"href":"https:\/\/www.cabinetbelbachir.ma\/fr\/wp-json\/wp\/v2\/media?parent=685"}],"curies":[{"name":"wp","href":"https:\/\/api.w.org\/{rel}","templated":true}]}}