{"id":12,"date":"2024-05-26T17:31:44","date_gmt":"2024-05-26T17:31:44","guid":{"rendered":"https:\/\/www.cabinetbelbachir.ma\/?page_id=12"},"modified":"2025-10-07T11:33:06","modified_gmt":"2025-10-07T11:33:06","slug":"accueil-cabinet-davocat-maitre-belbachir-ilias","status":"publish","type":"page","link":"https:\/\/www.cabinetbelbachir.ma\/","title":{"rendered":"Accueil"},"content":{"rendered":"\t\t<div data-elementor-type=\"wp-page\" data-elementor-id=\"12\" class=\"elementor elementor-12\">\n\t\t\t\t<div class=\"elementor-element elementor-element-9e7064a e-con-full animated-slow e-flex elementor-invisible e-con e-parent\" data-id=\"9e7064a\" data-element_type=\"container\" data-e-type=\"container\" data-settings=\"{&quot;background_background&quot;:&quot;classic&quot;,&quot;animation&quot;:&quot;fadeIn&quot;}\">\n\t\t\t\t<div class=\"elementor-element elementor-element-9fbc2b0 elementor-widget__width-initial elementor-widget-tablet__width-initial elementor-widget-mobile__width-initial elementor-invisible elementor-widget elementor-widget-heading\" data-id=\"9fbc2b0\" data-element_type=\"widget\" data-e-type=\"widget\" data-settings=\"{&quot;_animation&quot;:&quot;fadeInLeft&quot;}\" data-widget_type=\"heading.default\">\n\t\t\t\t<div class=\"elementor-widget-container\">\n\t\t\t\t\t<h2 class=\"elementor-heading-title elementor-size-default\">Cabinet d'Avocat \u00e0 Rabat <\/h2>\t\t\t\t<\/div>\n\t\t\t\t<\/div>\n\t\t\t\t<div class=\"elementor-element elementor-element-517007e animated-slow elementor-invisible elementor-widget elementor-widget-heading\" data-id=\"517007e\" data-element_type=\"widget\" data-e-type=\"widget\" data-settings=\"{&quot;_animation&quot;:&quot;fadeInDown&quot;}\" data-widget_type=\"heading.default\">\n\t\t\t\t<div class=\"elementor-widget-container\">\n\t\t\t\t\t<h2 class=\"elementor-heading-title elementor-size-default\">Ma\u00eetre BELBACHIR Ilias <\/h2>\t\t\t\t<\/div>\n\t\t\t\t<\/div>\n\t\t\t\t<div class=\"elementor-element elementor-element-7a60fbe elementor-invisible elementor-widget elementor-widget-heading\" data-id=\"7a60fbe\" data-element_type=\"widget\" data-e-type=\"widget\" data-settings=\"{&quot;_animation&quot;:&quot;fadeInLeft&quot;}\" data-widget_type=\"heading.default\">\n\t\t\t\t<div class=\"elementor-widget-container\">\n\t\t\t\t\t<h2 class=\"elementor-heading-title elementor-size-default\">Avocat au Barreau de Rabat<\/h2>\t\t\t\t<\/div>\n\t\t\t\t<\/div>\n\t\t\t\t<div class=\"elementor-element elementor-element-b638865 elementor-widget-divider--view-line elementor-widget elementor-widget-divider\" data-id=\"b638865\" data-element_type=\"widget\" data-e-type=\"widget\" data-widget_type=\"divider.default\">\n\t\t\t\t<div class=\"elementor-widget-container\">\n\t\t\t\t\t\t\t<div class=\"elementor-divider\">\n\t\t\t<span class=\"elementor-divider-separator\">\n\t\t\t\t\t\t<\/span>\n\t\t<\/div>\n\t\t\t\t\t\t<\/div>\n\t\t\t\t<\/div>\n\t\t\t\t<div class=\"elementor-element elementor-element-4b7162e elementor-widget__width-initial elementor-widget-tablet__width-initial elementor-widget-mobile__width-initial elementor-invisible elementor-widget elementor-widget-heading\" data-id=\"4b7162e\" data-element_type=\"widget\" data-e-type=\"widget\" data-settings=\"{&quot;_animation&quot;:&quot;fadeInLeft&quot;}\" data-widget_type=\"heading.default\">\n\t\t\t\t<div class=\"elementor-widget-container\">\n\t\t\t\t\t<h2 class=\"elementor-heading-title elementor-size-default\">Au sein du cabinet BELBACHIR, nous sommes d\u00e9di\u00e9s \u00e0 fournir des services juridiques de haute qualit\u00e9 adapt\u00e9s \u00e0 vos besoins. Avec une expertise solide et une approche personnalis\u00e9e, notre objectif est de d\u00e9fendre vos int\u00e9r\u00eats avec rigueur et professionnalisme. Explorez notre site pour en savoir plus sur notre cabinet, nos domaines de comp\u00e9tence, et comment nous pouvons vous assister.<\/h2>\t\t\t\t<\/div>\n\t\t\t\t<\/div>\n\t\t\t\t<\/div>\n\t\t<div class=\"elementor-element elementor-element-e87c4ff e-flex e-con-boxed e-con e-parent\" data-id=\"e87c4ff\" data-element_type=\"container\" data-e-type=\"container\">\n\t\t\t\t\t<div class=\"e-con-inner\">\n\t\t\t\t<div class=\"elementor-element elementor-element-5231766 elementor-widget__width-inherit elementor-widget elementor-widget-heading\" data-id=\"5231766\" data-element_type=\"widget\" data-e-type=\"widget\" data-widget_type=\"heading.default\">\n\t\t\t\t<div class=\"elementor-widget-container\">\n\t\t\t\t\t<h2 class=\"elementor-heading-title elementor-size-default\">Notre Cabinet\n\n<\/h2>\t\t\t\t<\/div>\n\t\t\t\t<\/div>\n\t\t\t\t<div class=\"elementor-element elementor-element-a2c8ba6 elementor-widget-divider--view-line elementor-widget elementor-widget-divider\" data-id=\"a2c8ba6\" data-element_type=\"widget\" data-e-type=\"widget\" data-widget_type=\"divider.default\">\n\t\t\t\t<div class=\"elementor-widget-container\">\n\t\t\t\t\t\t\t<div class=\"elementor-divider\">\n\t\t\t<span class=\"elementor-divider-separator\">\n\t\t\t\t\t\t<\/span>\n\t\t<\/div>\n\t\t\t\t\t\t<\/div>\n\t\t\t\t<\/div>\n\t\t\t\t\t<\/div>\n\t\t\t\t<\/div>\n\t\t<div class=\"elementor-element elementor-element-9c7cfcb e-con-full e-flex e-con e-parent\" data-id=\"9c7cfcb\" data-element_type=\"container\" data-e-type=\"container\">\n\t\t<div class=\"elementor-element elementor-element-d319e25 e-grid e-con-full e-con e-child\" data-id=\"d319e25\" data-element_type=\"container\" data-e-type=\"container\">\n\t\t\t\t<div class=\"elementor-element elementor-element-63c13ce animated-slow elementor-invisible elementor-widget elementor-widget-text-editor\" data-id=\"63c13ce\" data-element_type=\"widget\" data-e-type=\"widget\" data-settings=\"{&quot;_animation&quot;:&quot;fadeInUp&quot;}\" data-widget_type=\"text-editor.default\">\n\t\t\t\t<div class=\"elementor-widget-container\">\n\t\t\t\t\t\t\t\t\t<p>\u00a0<\/p><p data-start=\"1553\" data-end=\"1706\">Fond\u00e9 \u00e0 Rabat, le <strong data-start=\"1571\" data-end=\"1592\">Cabinet BELBACHIR<\/strong> repose sur une conviction simple :<br data-start=\"1627\" data-end=\"1630\" \/><strong data-start=\"1630\" data-end=\"1706\">chaque client m\u00e9rite une attention personnalis\u00e9e et une d\u00e9fense engag\u00e9e.<\/strong><\/p><p data-start=\"1708\" data-end=\"1870\">Nous mettons \u00e0 votre service une <strong data-start=\"1741\" data-end=\"1761\">expertise solide<\/strong>, une <strong data-start=\"1767\" data-end=\"1787\">\u00e9coute attentive<\/strong> et un <strong data-start=\"1794\" data-end=\"1823\">accompagnement sur mesure<\/strong>, quel que soit la complexit\u00e9 de votre dossier.<\/p>\t\t\t\t\t\t\t\t<\/div>\n\t\t\t\t<\/div>\n\t\t\t\t<div class=\"elementor-element elementor-element-3642670 animated-slow elementor-invisible elementor-widget elementor-widget-image\" data-id=\"3642670\" data-element_type=\"widget\" data-e-type=\"widget\" data-settings=\"{&quot;_animation&quot;:&quot;fadeInRight&quot;}\" data-widget_type=\"image.default\">\n\t\t\t\t<div class=\"elementor-widget-container\">\n\t\t\t\t\t\t\t\t\t\t\t\t\t\t\t<img fetchpriority=\"high\" decoding=\"async\" width=\"1971\" height=\"2048\" src=\"https:\/\/www.cabinetbelbachir.ma\/wp-content\/uploads\/2024\/06\/IMG_2337-HD.png\" class=\"attachment-2048x2048 size-2048x2048 wp-image-929\" alt=\"\" srcset=\"https:\/\/www.cabinetbelbachir.ma\/wp-content\/uploads\/2024\/06\/IMG_2337-HD.png 1971w, https:\/\/www.cabinetbelbachir.ma\/wp-content\/uploads\/2024\/06\/IMG_2337-HD-289x300.png 289w, https:\/\/www.cabinetbelbachir.ma\/wp-content\/uploads\/2024\/06\/IMG_2337-HD-986x1024.png 986w, https:\/\/www.cabinetbelbachir.ma\/wp-content\/uploads\/2024\/06\/IMG_2337-HD-768x798.png 768w, https:\/\/www.cabinetbelbachir.ma\/wp-content\/uploads\/2024\/06\/IMG_2337-HD-1478x1536.png 1478w\" sizes=\"(max-width: 1971px) 100vw, 1971px\" \/>\t\t\t\t\t\t\t\t\t\t\t\t\t\t\t<\/div>\n\t\t\t\t<\/div>\n\t\t\t\t<\/div>\n\t\t\t\t<\/div>\n\t\t<div class=\"elementor-element elementor-element-3abe323 e-flex e-con-boxed e-con e-parent\" data-id=\"3abe323\" data-element_type=\"container\" data-e-type=\"container\">\n\t\t\t\t\t<div class=\"e-con-inner\">\n\t\t\t\t<div class=\"elementor-element elementor-element-27691e8 elementor-widget__width-inherit elementor-widget elementor-widget-heading\" data-id=\"27691e8\" data-element_type=\"widget\" data-e-type=\"widget\" data-widget_type=\"heading.default\">\n\t\t\t\t<div class=\"elementor-widget-container\">\n\t\t\t\t\t<h2 class=\"elementor-heading-title elementor-size-default\">Nos engagements<\/h2>\t\t\t\t<\/div>\n\t\t\t\t<\/div>\n\t\t\t\t<div class=\"elementor-element elementor-element-83901e5 elementor-widget-divider--view-line elementor-widget elementor-widget-divider\" data-id=\"83901e5\" data-element_type=\"widget\" data-e-type=\"widget\" data-widget_type=\"divider.default\">\n\t\t\t\t<div class=\"elementor-widget-container\">\n\t\t\t\t\t\t\t<div class=\"elementor-divider\">\n\t\t\t<span class=\"elementor-divider-separator\">\n\t\t\t\t\t\t<\/span>\n\t\t<\/div>\n\t\t\t\t\t\t<\/div>\n\t\t\t\t<\/div>\n\t\t\t\t<div class=\"elementor-element elementor-element-fce7b6e animated-slow elementor-invisible elementor-widget elementor-widget-text-editor\" data-id=\"fce7b6e\" data-element_type=\"widget\" data-e-type=\"widget\" data-settings=\"{&quot;_animation&quot;:&quot;fadeInDown&quot;}\" data-widget_type=\"text-editor.default\">\n\t\t\t\t<div class=\"elementor-widget-container\">\n\t\t\t\t\t\t\t\t\t<ul><li><strong>Un accompagnement personnalis\u00e9<\/strong> : Chaque dossier est unique et m\u00e9rite une approche sur mesure. Nous adaptons nos strat\u00e9gies en fonction des besoins sp\u00e9cifiques de chaque client.<\/li><li><strong>Une communication claire<\/strong> : Nous nous engageons \u00e0 fournir des explications claires et compr\u00e9hensibles, sans jargon juridique complexe, pour que nos clients puissent prendre des d\u00e9cisions \u00e9clair\u00e9es.<\/li><li><strong>Un suivi rigoureux<\/strong> : Nous assurons un suivi constant de chaque dossier et tenons nos clients inform\u00e9s \u00e0 chaque \u00e9tape du processus juridique.<\/li><\/ul>\t\t\t\t\t\t\t\t<\/div>\n\t\t\t\t<\/div>\n\t\t\t\t\t<\/div>\n\t\t\t\t<\/div>\n\t\t<div class=\"elementor-element elementor-element-7fd275f e-flex e-con-boxed e-con e-parent\" data-id=\"7fd275f\" data-element_type=\"container\" data-e-type=\"container\">\n\t\t\t\t\t<div class=\"e-con-inner\">\n\t\t\t\t<div class=\"elementor-element elementor-element-44506b0 elementor-widget__width-inherit elementor-widget elementor-widget-heading\" data-id=\"44506b0\" data-element_type=\"widget\" data-e-type=\"widget\" data-widget_type=\"heading.default\">\n\t\t\t\t<div class=\"elementor-widget-container\">\n\t\t\t\t\t<h2 class=\"elementor-heading-title elementor-size-default\"><a href=\"https:\/\/www.cabinetbelbachir.ma\/contact\/\">Contactez votre avocat \u00e0 Rabat<\/a><\/h2>\t\t\t\t<\/div>\n\t\t\t\t<\/div>\n\t\t\t\t<div class=\"elementor-element elementor-element-86b8c77 elementor-widget-divider--view-line elementor-widget elementor-widget-divider\" data-id=\"86b8c77\" data-element_type=\"widget\" data-e-type=\"widget\" data-widget_type=\"divider.default\">\n\t\t\t\t<div class=\"elementor-widget-container\">\n\t\t\t\t\t\t\t<div class=\"elementor-divider\">\n\t\t\t<span class=\"elementor-divider-separator\">\n\t\t\t\t\t\t<\/span>\n\t\t<\/div>\n\t\t\t\t\t\t<\/div>\n\t\t\t\t<\/div>\n\t\t\t\t<div class=\"elementor-element elementor-element-fbe6867 animated-slow elementor-invisible elementor-widget elementor-widget-text-editor\" data-id=\"fbe6867\" data-element_type=\"widget\" data-e-type=\"widget\" data-settings=\"{&quot;_animation&quot;:&quot;fadeInUp&quot;}\" data-widget_type=\"text-editor.default\">\n\t\t\t\t<div class=\"elementor-widget-container\">\n\t\t\t\t\t\t\t\t\t<p>Pour toute consultation, conseil juridique ou prise de rendez-vous, contactez-nous d\u00e8s aujourd\u2019hui :<\/p><p><strong>Adresse :<\/strong> Cabinet d&rsquo;Avocat BELBACHIR<br \/>Avenue de la R\u00e9sistance, rue Abidjan, Imm n\u00b021, Appt 8, l&rsquo;Oc\u00e9an, Rabat<\/p><p><strong>T\u00e9l\u00e9phone :<\/strong> +212 661 122099 \/ +212 537 292738<\/p><p><strong>Email :<\/strong> belbachirlawfirm@gmail.com \/ contact@cabinetbelbachir.ma<\/p><p><strong>Horaires :<\/strong><\/p><ul><li>Lundi &#8211; Vendredi : 9h00 &#8211; 18h00<\/li><li>Samedi : 9h00 &#8211; 13h00<\/li><li>Dimanche : Ferm\u00e9<\/li><\/ul>\t\t\t\t\t\t\t\t<\/div>\n\t\t\t\t<\/div>\n\t\t\t\t<div class=\"elementor-element elementor-element-ed5493b elementor-align-center elementor-widget elementor-widget-button\" data-id=\"ed5493b\" data-element_type=\"widget\" data-e-type=\"widget\" data-widget_type=\"button.default\">\n\t\t\t\t<div class=\"elementor-widget-container\">\n\t\t\t\t\t\t\t\t\t<div class=\"elementor-button-wrapper\">\n\t\t\t\t\t<a class=\"elementor-button elementor-button-link elementor-size-sm\" href=\"https:\/\/www.cabinetbelbachir.ma\/contact\/\">\n\t\t\t\t\t\t<span class=\"elementor-button-content-wrapper\">\n\t\t\t\t\t\t\t\t\t<span class=\"elementor-button-text\">Contact<\/span>\n\t\t\t\t\t<\/span>\n\t\t\t\t\t<\/a>\n\t\t\t\t<\/div>\n\t\t\t\t\t\t\t\t<\/div>\n\t\t\t\t<\/div>\n\t\t\t\t\t<\/div>\n\t\t\t\t<\/div>\n\t\t<div class=\"elementor-element elementor-element-391a9e6 e-flex e-con-boxed e-con e-parent\" data-id=\"391a9e6\" data-element_type=\"container\" data-e-type=\"container\">\n\t\t\t\t\t<div class=\"e-con-inner\">\n\t\t\t\t<div class=\"elementor-element elementor-element-12038e2 elementor-widget elementor-widget-heading\" data-id=\"12038e2\" data-element_type=\"widget\" data-e-type=\"widget\" data-widget_type=\"heading.default\">\n\t\t\t\t<div class=\"elementor-widget-container\">\n\t\t\t\t\t<h2 class=\"elementor-heading-title elementor-size-default\">Ajoutez votre titre ici<\/h2>\t\t\t\t<\/div>\n\t\t\t\t<\/div>\n\t\t\t\t\t<\/div>\n\t\t\t\t<\/div>\n\t\t\t\t<\/div>\n\t\t","protected":false},"excerpt":{"rendered":"<p>Cabinet d&rsquo;Avocat \u00e0 Rabat Ma\u00eetre BELBACHIR Ilias Avocat au Barreau de Rabat Au sein du cabinet BELBACHIR, nous sommes d\u00e9di\u00e9s \u00e0 fournir des services juridiques de haute qualit\u00e9 adapt\u00e9s \u00e0 vos besoins. Avec une expertise solide et une approche personnalis\u00e9e, notre objectif est de d\u00e9fendre vos int\u00e9r\u00eats avec rigueur et professionnalisme. Explorez notre site pour [&hellip;]<\/p>\n","protected":false},"author":1,"featured_media":0,"parent":0,"menu_order":0,"comment_status":"closed","ping_status":"closed","template":"elementor_header_footer","meta":{"om_disable_all_campaigns":false,"_monsterinsights_skip_tracking":false,"_monsterinsights_sitenote_active":false,"_monsterinsights_sitenote_note":"","_monsterinsights_sitenote_category":0,"footnotes":""},"class_list":["post-12","page","type-page","status-publish","hentry","entry"],"aioseo_notices":[],"_links":{"self":[{"href":"https:\/\/www.cabinetbelbachir.ma\/fr\/wp-json\/wp\/v2\/pages\/12","targetHints":{"allow":["GET"]}}],"collection":[{"href":"https:\/\/www.cabinetbelbachir.ma\/fr\/wp-json\/wp\/v2\/pages"}],"about":[{"href":"https:\/\/www.cabinetbelbachir.ma\/fr\/wp-json\/wp\/v2\/types\/page"}],"author":[{"embeddable":true,"href":"https:\/\/www.cabinetbelbachir.ma\/fr\/wp-json\/wp\/v2\/users\/1"}],"replies":[{"embeddable":true,"href":"https:\/\/www.cabinetbelbachir.ma\/fr\/wp-json\/wp\/v2\/comments?post=12"}],"version-history":[{"count":313,"href":"https:\/\/www.cabinetbelbachir.ma\/fr\/wp-json\/wp\/v2\/pages\/12\/revisions"}],"predecessor-version":[{"id":1190,"href":"https:\/\/www.cabinetbelbachir.ma\/fr\/wp-json\/wp\/v2\/pages\/12\/revisions\/1190"}],"wp:attachment":[{"href":"https:\/\/www.cabinetbelbachir.ma\/fr\/wp-json\/wp\/v2\/media?parent=12"}],"curies":[{"name":"wp","href":"https:\/\/api.w.org\/{rel}","templated":true}]}}