{"id":695,"date":"2024-06-02T18:01:16","date_gmt":"2024-06-02T18:01:16","guid":{"rendered":"https:\/\/www.cabinetbelbachir.ma\/?page_id=695"},"modified":"2024-06-09T22:22:19","modified_gmt":"2024-06-09T22:22:19","slug":"droit-penal","status":"publish","type":"page","link":"https:\/\/www.cabinetbelbachir.ma\/fr\/droit-penal\/","title":{"rendered":"Droit p\u00e9nal"},"content":{"rendered":"\t\t<div data-elementor-type=\"wp-page\" data-elementor-id=\"695\" class=\"elementor elementor-695\">\n\t\t\t\t<div class=\"elementor-element elementor-element-4a4864c e-flex e-con-boxed e-con e-parent\" data-id=\"4a4864c\" data-element_type=\"container\" data-e-type=\"container\">\n\t\t\t\t\t<div class=\"e-con-inner\">\n\t\t\t\t<div class=\"elementor-element elementor-element-6b27c20 elementor-widget elementor-widget-heading\" data-id=\"6b27c20\" data-element_type=\"widget\" data-e-type=\"widget\" data-widget_type=\"heading.default\">\n\t\t\t\t<div class=\"elementor-widget-container\">\n\t\t\t\t\t<h2 class=\"elementor-heading-title elementor-size-default\">DROIT PENAL<\/h2>\t\t\t\t<\/div>\n\t\t\t\t<\/div>\n\t\t\t\t\t<\/div>\n\t\t\t\t<\/div>\n\t\t<div class=\"elementor-element elementor-element-bd8901e e-flex e-con-boxed e-con e-parent\" data-id=\"bd8901e\" data-element_type=\"container\" data-e-type=\"container\">\n\t\t\t\t\t<div class=\"e-con-inner\">\n\t\t\t\t<div class=\"elementor-element elementor-element-1af8e02 elementor-widget elementor-widget-text-editor\" data-id=\"1af8e02\" data-element_type=\"widget\" data-e-type=\"widget\" data-widget_type=\"text-editor.default\">\n\t\t\t\t<div class=\"elementor-widget-container\">\n\t\t\t\t\t\t\t\t\t<p>Le droit p\u00e9nal prot\u00e8ge les individus et la soci\u00e9t\u00e9 contre les infractions. Notre cabinet d\u00e9fend vos droits, que vous soyez victime ou accus\u00e9. Nous mettons notre expertise \u00e0 votre service pour assurer une d\u00e9fense rigoureuse et \u00e9quitable \u00e0 chaque \u00e9tape de la proc\u00e9dure p\u00e9nale.<\/p><p><strong>Nos services incluent :<\/strong><\/p><ul><li>D\u00e9fense en cas d\u2019accusation criminelle<\/li><li>Assistance aux victimes d\u2019infractions p\u00e9nales<\/li><li>Repr\u00e9sentation lors des enqu\u00eates et des proc\u00e8s<\/li><li>Conseils sur les proc\u00e9dures alternatives aux poursuites<\/li><li>N\u00e9gociation de peines et d\u2019accords avec le parquet<\/li><\/ul>\t\t\t\t\t\t\t\t<\/div>\n\t\t\t\t<\/div>\n\t\t\t\t\t<\/div>\n\t\t\t\t<\/div>\n\t\t\t\t<\/div>\n\t\t","protected":false},"excerpt":{"rendered":"<p>DROIT PENAL Le droit p\u00e9nal prot\u00e8ge les individus et la soci\u00e9t\u00e9 contre les infractions. Notre cabinet d\u00e9fend vos droits, que vous soyez victime ou accus\u00e9. Nous mettons notre expertise \u00e0 votre service pour assurer une d\u00e9fense rigoureuse et \u00e9quitable \u00e0 chaque \u00e9tape de la proc\u00e9dure p\u00e9nale. Nos services incluent : D\u00e9fense en cas d\u2019accusation criminelle [&hellip;]<\/p>\n","protected":false},"author":1,"featured_media":0,"parent":0,"menu_order":0,"comment_status":"closed","ping_status":"closed","template":"","meta":{"om_disable_all_campaigns":false,"_monsterinsights_skip_tracking":false,"_monsterinsights_sitenote_active":false,"_monsterinsights_sitenote_note":"","_monsterinsights_sitenote_category":0,"footnotes":""},"class_list":["post-695","page","type-page","status-publish","hentry","entry"],"aioseo_notices":[],"_links":{"self":[{"href":"https:\/\/www.cabinetbelbachir.ma\/fr\/wp-json\/wp\/v2\/pages\/695","targetHints":{"allow":["GET"]}}],"collection":[{"href":"https:\/\/www.cabinetbelbachir.ma\/fr\/wp-json\/wp\/v2\/pages"}],"about":[{"href":"https:\/\/www.cabinetbelbachir.ma\/fr\/wp-json\/wp\/v2\/types\/page"}],"author":[{"embeddable":true,"href":"https:\/\/www.cabinetbelbachir.ma\/fr\/wp-json\/wp\/v2\/users\/1"}],"replies":[{"embeddable":true,"href":"https:\/\/www.cabinetbelbachir.ma\/fr\/wp-json\/wp\/v2\/comments?post=695"}],"version-history":[{"count":7,"href":"https:\/\/www.cabinetbelbachir.ma\/fr\/wp-json\/wp\/v2\/pages\/695\/revisions"}],"predecessor-version":[{"id":822,"href":"https:\/\/www.cabinetbelbachir.ma\/fr\/wp-json\/wp\/v2\/pages\/695\/revisions\/822"}],"wp:attachment":[{"href":"https:\/\/www.cabinetbelbachir.ma\/fr\/wp-json\/wp\/v2\/media?parent=695"}],"curies":[{"name":"wp","href":"https:\/\/api.w.org\/{rel}","templated":true}]}}