{"id":18,"date":"2024-05-26T17:37:24","date_gmt":"2024-05-26T17:37:24","guid":{"rendered":"https:\/\/www.cabinetbelbachir.ma\/?page_id=18"},"modified":"2024-06-19T13:52:35","modified_gmt":"2024-06-19T13:52:35","slug":"expertises-services","status":"publish","type":"page","link":"https:\/\/www.cabinetbelbachir.ma\/fr\/expertises-services\/","title":{"rendered":"Expertises &#038; Services"},"content":{"rendered":"\t\t<div data-elementor-type=\"wp-page\" data-elementor-id=\"18\" class=\"elementor elementor-18\">\n\t\t\t\t<div class=\"elementor-element elementor-element-46c86da e-flex e-con-boxed e-con e-parent\" data-id=\"46c86da\" data-element_type=\"container\" data-e-type=\"container\">\n\t\t\t\t\t<div class=\"e-con-inner\">\n\t\t\t\t<div class=\"elementor-element elementor-element-97865e6 elementor-widget elementor-widget-heading\" data-id=\"97865e6\" data-element_type=\"widget\" data-e-type=\"widget\" data-widget_type=\"heading.default\">\n\t\t\t\t<div class=\"elementor-widget-container\">\n\t\t\t\t\t<h2 class=\"elementor-heading-title elementor-size-default\">Domaines de comp\u00e9tence<\/h2>\t\t\t\t<\/div>\n\t\t\t\t<\/div>\n\t\t\t\t<div class=\"elementor-element elementor-element-4fb41bb elementor-widget-divider--view-line elementor-widget elementor-widget-divider\" data-id=\"4fb41bb\" data-element_type=\"widget\" data-e-type=\"widget\" data-widget_type=\"divider.default\">\n\t\t\t\t<div class=\"elementor-widget-container\">\n\t\t\t\t\t\t\t<div class=\"elementor-divider\">\n\t\t\t<span class=\"elementor-divider-separator\">\n\t\t\t\t\t\t<\/span>\n\t\t<\/div>\n\t\t\t\t\t\t<\/div>\n\t\t\t\t<\/div>\n\t\t\t\t\t<\/div>\n\t\t\t\t<\/div>\n\t\t<div class=\"elementor-element elementor-element-c8d264c e-grid e-con-full animated-slow elementor-invisible e-con e-parent\" data-id=\"c8d264c\" data-element_type=\"container\" data-e-type=\"container\" data-settings=\"{&quot;background_background&quot;:&quot;slideshow&quot;,&quot;background_slideshow_gallery&quot;:[{&quot;id&quot;:783,&quot;url&quot;:&quot;https:\\\/\\\/www.cabinetbelbachir.ma\\\/wp-content\\\/uploads\\\/2024\\\/06\\\/lady-justice-2388500_1280-1.jpg&quot;},{&quot;id&quot;:779,&quot;url&quot;:&quot;https:\\\/\\\/www.cabinetbelbachir.ma\\\/wp-content\\\/uploads\\\/2024\\\/06\\\/earth-3866609_1280-1.jpg&quot;},{&quot;id&quot;:780,&quot;url&quot;:&quot;https:\\\/\\\/www.cabinetbelbachir.ma\\\/wp-content\\\/uploads\\\/2024\\\/06\\\/gavel-7499911_1280-1.jpg&quot;},{&quot;id&quot;:777,&quot;url&quot;:&quot;https:\\\/\\\/www.cabinetbelbachir.ma\\\/wp-content\\\/uploads\\\/2024\\\/06\\\/ai-generated-8751926_1280-1.jpg&quot;},{&quot;id&quot;:776,&quot;url&quot;:&quot;https:\\\/\\\/www.cabinetbelbachir.ma\\\/wp-content\\\/uploads\\\/2024\\\/06\\\/ai-generated-8679700_1280-1.jpg&quot;},{&quot;id&quot;:760,&quot;url&quot;:&quot;https:\\\/\\\/www.cabinetbelbachir.ma\\\/wp-content\\\/uploads\\\/2024\\\/06\\\/writing-desk-8280356_1280.jpg&quot;},{&quot;id&quot;:757,&quot;url&quot;:&quot;https:\\\/\\\/www.cabinetbelbachir.ma\\\/wp-content\\\/uploads\\\/2024\\\/06\\\/port-675539_1280.jpg&quot;},{&quot;id&quot;:758,&quot;url&quot;:&quot;https:\\\/\\\/www.cabinetbelbachir.ma\\\/wp-content\\\/uploads\\\/2024\\\/06\\\/real-estate-6688945_1280.jpg&quot;},{&quot;id&quot;:754,&quot;url&quot;:&quot;https:\\\/\\\/www.cabinetbelbachir.ma\\\/wp-content\\\/uploads\\\/2024\\\/06\\\/law-firm-8306442_1280.jpg&quot;}],&quot;animation&quot;:&quot;fadeInDown&quot;,&quot;background_slideshow_loop&quot;:&quot;yes&quot;,&quot;background_slideshow_slide_duration&quot;:5000,&quot;background_slideshow_slide_transition&quot;:&quot;fade&quot;,&quot;background_slideshow_transition_duration&quot;:500}\">\n\t\t\t\t<div class=\"elementor-element elementor-element-5109ee2 animated-slow elementor-position-top elementor-invisible elementor-widget elementor-widget-image-box\" data-id=\"5109ee2\" data-element_type=\"widget\" data-e-type=\"widget\" data-settings=\"{&quot;_animation&quot;:&quot;fadeInDown&quot;}\" data-widget_type=\"image-box.default\">\n\t\t\t\t<div class=\"elementor-widget-container\">\n\t\t\t\t\t<div class=\"elementor-image-box-wrapper\"><figure class=\"elementor-image-box-img\"><img decoding=\"async\" src=\"https:\/\/www.cabinetbelbachir.ma\/wp-content\/uploads\/2024\/05\/man-5806012_1920.jpg\" title=\"\" alt=\"\" loading=\"lazy\" \/><\/figure><div class=\"elementor-image-box-content\"><h1 class=\"elementor-image-box-title\">Droit des affaires<\/h1><p class=\"elementor-image-box-description\">- Cr\u00e9ation d'entreprises \n- Contrats commerciaux\n- Litiges commerciaux\n- M&amp;A\n- Droit bancaire<\/p><\/div><\/div>\t\t\t\t<\/div>\n\t\t\t\t<\/div>\n\t\t\t\t<div class=\"elementor-element elementor-element-cb37e12 animated-slow elementor-position-top elementor-invisible elementor-widget elementor-widget-image-box\" data-id=\"cb37e12\" data-element_type=\"widget\" data-e-type=\"widget\" data-settings=\"{&quot;_animation&quot;:&quot;fadeInDown&quot;}\" data-widget_type=\"image-box.default\">\n\t\t\t\t<div class=\"elementor-widget-container\">\n\t\t\t\t\t<div class=\"elementor-image-box-wrapper\"><figure class=\"elementor-image-box-img\"><img decoding=\"async\" src=\"https:\/\/www.cabinetbelbachir.ma\/wp-content\/uploads\/2024\/05\/family-7392843_1280.jpg\" title=\"\" alt=\"\" loading=\"lazy\" \/><\/figure><div class=\"elementor-image-box-content\"><h1 class=\"elementor-image-box-title\">Droit de la famille<\/h1><p class=\"elementor-image-box-description\">- Divorces \n- S\u00e9parations\n- Garde d'enfants\n- Pensions alimentaires<\/p><\/div><\/div>\t\t\t\t<\/div>\n\t\t\t\t<\/div>\n\t\t\t\t<div class=\"elementor-element elementor-element-8387fd3 animated-slow elementor-position-top elementor-invisible elementor-widget elementor-widget-image-box\" data-id=\"8387fd3\" data-element_type=\"widget\" data-e-type=\"widget\" data-settings=\"{&quot;_animation&quot;:&quot;fadeInDown&quot;}\" data-widget_type=\"image-box.default\">\n\t\t\t\t<div class=\"elementor-widget-container\">\n\t\t\t\t\t<div class=\"elementor-image-box-wrapper\"><figure class=\"elementor-image-box-img\"><img decoding=\"async\" src=\"https:\/\/www.cabinetbelbachir.ma\/wp-content\/uploads\/2024\/05\/defense-attorney-840062_1280.jpg\" title=\"\" alt=\"\" loading=\"lazy\" \/><\/figure><div class=\"elementor-image-box-content\"><h3 class=\"elementor-image-box-title\">Droit p\u00e9nal<\/h3><p class=\"elementor-image-box-description\">- D\u00e9fense p\u00e9nale\n- Repr\u00e9sentation des victimes\n- Proc\u00e9dures p\u00e9nales<\/p><\/div><\/div>\t\t\t\t<\/div>\n\t\t\t\t<\/div>\n\t\t\t\t<div class=\"elementor-element elementor-element-c371570 animated-slow elementor-position-top elementor-invisible elementor-widget elementor-widget-image-box\" data-id=\"c371570\" data-element_type=\"widget\" data-e-type=\"widget\" data-settings=\"{&quot;_animation&quot;:&quot;fadeInDown&quot;}\" data-widget_type=\"image-box.default\">\n\t\t\t\t<div class=\"elementor-widget-container\">\n\t\t\t\t\t<div class=\"elementor-image-box-wrapper\"><figure class=\"elementor-image-box-img\"><img decoding=\"async\" src=\"https:\/\/www.cabinetbelbachir.ma\/wp-content\/uploads\/2024\/05\/gavel-7499911_1280.jpg\" title=\"\" alt=\"\" loading=\"lazy\" \/><\/figure><div class=\"elementor-image-box-content\"><h3 class=\"elementor-image-box-title\">Droit du travail<\/h3><p class=\"elementor-image-box-description\">- Contrats de travail\n- Licenciements\n- Conflits employeur\/employ\u00e9\n- Accidents de travail\n<\/p><\/div><\/div>\t\t\t\t<\/div>\n\t\t\t\t<\/div>\n\t\t\t\t<div class=\"elementor-element elementor-element-5f58509 animated-slow elementor-position-top elementor-invisible elementor-widget elementor-widget-image-box\" data-id=\"5f58509\" data-element_type=\"widget\" data-e-type=\"widget\" data-settings=\"{&quot;_animation&quot;:&quot;fadeInDown&quot;}\" data-widget_type=\"image-box.default\">\n\t\t\t\t<div class=\"elementor-widget-container\">\n\t\t\t\t\t<div class=\"elementor-image-box-wrapper\"><figure class=\"elementor-image-box-img\"><img decoding=\"async\" src=\"https:\/\/www.cabinetbelbachir.ma\/wp-content\/uploads\/2024\/05\/real-estate-6688945_1280.jpg\" title=\"\" alt=\"\" loading=\"lazy\" \/><\/figure><div class=\"elementor-image-box-content\"><h3 class=\"elementor-image-box-title\">Droit immobilier<\/h3><p class=\"elementor-image-box-description\">- Transactions immobili\u00e8res\n- litiges locatifs\n- Copropri\u00e9t\u00e9 \n- Immatriculation fonci\u00e8re\n- Opposition<\/p><\/div><\/div>\t\t\t\t<\/div>\n\t\t\t\t<\/div>\n\t\t\t\t<div class=\"elementor-element elementor-element-281073d animated-slow elementor-position-top elementor-invisible elementor-widget elementor-widget-image-box\" data-id=\"281073d\" data-element_type=\"widget\" data-e-type=\"widget\" data-settings=\"{&quot;_animation&quot;:&quot;fadeInDown&quot;}\" data-widget_type=\"image-box.default\">\n\t\t\t\t<div class=\"elementor-widget-container\">\n\t\t\t\t\t<div class=\"elementor-image-box-wrapper\"><figure class=\"elementor-image-box-img\"><img decoding=\"async\" src=\"https:\/\/www.cabinetbelbachir.ma\/wp-content\/uploads\/2024\/05\/lady-justice-2388500_1280.jpg\" title=\"\" alt=\"\" loading=\"lazy\" \/><\/figure><div class=\"elementor-image-box-content\"><h3 class=\"elementor-image-box-title\">Droit international priv\u00e9<\/h3><p class=\"elementor-image-box-description\">- Exequatur\n- Mariages mixtes\n- Nationalit\u00e9\n- kafala<\/p><\/div><\/div>\t\t\t\t<\/div>\n\t\t\t\t<\/div>\n\t\t\t\t<\/div>\n\t\t\t\t<\/div>\n\t\t","protected":false},"excerpt":{"rendered":"<p>Domaines de comp\u00e9tence Droit des affaires &#8211; Cr\u00e9ation d&rsquo;entreprises &#8211; Contrats commerciaux &#8211; Litiges commerciaux &#8211; M&#038;A &#8211; Droit bancaire Droit de la famille &#8211; Divorces &#8211; S\u00e9parations &#8211; Garde d&rsquo;enfants &#8211; Pensions alimentaires Droit p\u00e9nal &#8211; D\u00e9fense p\u00e9nale &#8211; Repr\u00e9sentation des victimes &#8211; Proc\u00e9dures p\u00e9nales Droit du travail &#8211; Contrats de travail &#8211; Licenciements [&hellip;]<\/p>\n","protected":false},"author":1,"featured_media":0,"parent":0,"menu_order":0,"comment_status":"closed","ping_status":"closed","template":"","meta":{"om_disable_all_campaigns":false,"_monsterinsights_skip_tracking":false,"_monsterinsights_sitenote_active":false,"_monsterinsights_sitenote_note":"","_monsterinsights_sitenote_category":0,"footnotes":""},"class_list":["post-18","page","type-page","status-publish","hentry","entry"],"aioseo_notices":[],"_links":{"self":[{"href":"https:\/\/www.cabinetbelbachir.ma\/fr\/wp-json\/wp\/v2\/pages\/18","targetHints":{"allow":["GET"]}}],"collection":[{"href":"https:\/\/www.cabinetbelbachir.ma\/fr\/wp-json\/wp\/v2\/pages"}],"about":[{"href":"https:\/\/www.cabinetbelbachir.ma\/fr\/wp-json\/wp\/v2\/types\/page"}],"author":[{"embeddable":true,"href":"https:\/\/www.cabinetbelbachir.ma\/fr\/wp-json\/wp\/v2\/users\/1"}],"replies":[{"embeddable":true,"href":"https:\/\/www.cabinetbelbachir.ma\/fr\/wp-json\/wp\/v2\/comments?post=18"}],"version-history":[{"count":70,"href":"https:\/\/www.cabinetbelbachir.ma\/fr\/wp-json\/wp\/v2\/pages\/18\/revisions"}],"predecessor-version":[{"id":1086,"href":"https:\/\/www.cabinetbelbachir.ma\/fr\/wp-json\/wp\/v2\/pages\/18\/revisions\/1086"}],"wp:attachment":[{"href":"https:\/\/www.cabinetbelbachir.ma\/fr\/wp-json\/wp\/v2\/media?parent=18"}],"curies":[{"name":"wp","href":"https:\/\/api.w.org\/{rel}","templated":true}]}}